{"id":75,"date":"2022-05-10T22:51:00","date_gmt":"2022-05-10T20:51:00","guid":{"rendered":"https:\/\/wolfsberg-pioneer.de\/?page_id=75"},"modified":"2023-01-24T21:30:57","modified_gmt":"2023-01-24T20:30:57","slug":"impressum","status":"publish","type":"page","link":"https:\/\/wolfsberg-pioneer.com\/en\/impressum\/","title":{"rendered":"Imprint"},"content":{"rendered":"<div data-elementor-type=\"wp-page\" data-elementor-id=\"75\" class=\"elementor elementor-75\">\n\t\t\t\t\t\t<section class=\"elementor-section elementor-top-section elementor-element elementor-element-07d38bd elementor-section-height-min-height elementor-section-boxed elementor-section-height-default elementor-section-items-middle\" data-id=\"07d38bd\" data-element_type=\"section\" data-settings=\"{&quot;background_background&quot;:&quot;classic&quot;}\">\n\t\t\t\t\t\t\t<div class=\"elementor-background-overlay\"><\/div>\n\t\t\t\t\t\t\t<div class=\"elementor-container elementor-column-gap-default\">\n\t\t\t\t\t<div class=\"elementor-column elementor-col-100 elementor-top-column elementor-element elementor-element-f71c2c0\" data-id=\"f71c2c0\" data-element_type=\"column\">\n\t\t\t<div class=\"elementor-widget-wrap elementor-element-populated\">\n\t\t\t\t\t\t<div class=\"elementor-element elementor-element-d90fec5 elementor-widget elementor-widget-heading\" data-id=\"d90fec5\" data-element_type=\"widget\" data-widget_type=\"heading.default\">\n\t\t\t\t<div class=\"elementor-widget-container\">\n\t\t\t\t\t<h1 class=\"elementor-heading-title elementor-size-default\">Imprint<\/h1>\t\t\t\t<\/div>\n\t\t\t\t<\/div>\n\t\t\t\t\t<\/div>\n\t\t<\/div>\n\t\t\t\t\t<\/div>\n\t\t<\/section>\n\t\t\t\t<section class=\"elementor-section elementor-top-section elementor-element elementor-element-4c24521 elementor-section-boxed elementor-section-height-default elementor-section-height-default\" data-id=\"4c24521\" data-element_type=\"section\">\n\t\t\t\t\t\t<div class=\"elementor-container elementor-column-gap-default\">\n\t\t\t\t\t<div class=\"elementor-column elementor-col-50 elementor-top-column elementor-element elementor-element-145e684\" data-id=\"145e684\" data-element_type=\"column\">\n\t\t\t<div class=\"elementor-widget-wrap elementor-element-populated\">\n\t\t\t\t\t\t<div class=\"elementor-element elementor-element-a5d7ef9 elementor-widget elementor-widget-heading\" data-id=\"a5d7ef9\" data-element_type=\"widget\" data-widget_type=\"heading.default\">\n\t\t\t\t<div class=\"elementor-widget-container\">\n\t\t\t\t\t<p class=\"elementor-heading-title elementor-size-default\">WOLFSBERG PIONEER S\u00f6llner GmbH<\/p>\t\t\t\t<\/div>\n\t\t\t\t<\/div>\n\t\t\t\t<div class=\"elementor-element elementor-element-28a6cc4 elementor-widget elementor-widget-text-editor\" data-id=\"28a6cc4\" data-element_type=\"widget\" data-widget_type=\"text-editor.default\">\n\t\t\t\t<div class=\"elementor-widget-container\">\n\t\t\t\t\t\t\t\t\t<p><b>Information according to \u00a75 TMG<\/b><\/p><p><strong>Headquarters:<\/strong><br \/><b>WOLFSBERG PIONEER S\u00f6llner GmbH<br \/><\/b>Pfarrer-Rose-Stra\u00dfe 9<br \/>92345 Dietfurt a. d. Altm\u00fchl<br \/>Germany<\/p><p><b>Contact<br \/><\/b>E-Mail: info@wolfsberg-pioneer.com<br \/>Phone: +49 (0) 8464 \/ 8481<br \/>Telefax: +49 (0) 8464 \/ 602 252<br \/><span class=\"Apple-converted-space\">Internet: <a href=\"https:\/\/wolfsberg-pioneer.com\/en\/\">www.wolfsberg-pioneer.com<\/a>\u00a0<\/span><\/p><p><b>Responsible for the content according to \u00a7 55 Abs. 2 RStV<br \/><\/b>Erhard S\u00f6llner\u00a0<\/p><p><b>Executive Management of Brand Group\u00a0<\/b><\/p><p><b>Gesch\u00e4ftsf\u00fchrer (GGF), Managing Director, CEO<br \/><\/b>Erhard S\u00f6llner<br \/>Dipl.-Eng. (FH), Industrial Engineer (FH)<br \/>Master Craftsmen (HWK)<br \/>Business Management (HWK)<br \/>Project Manager PM (IHK-Academy)<br \/>Representative for Quality Management according to DIN ISO 9001 \u2013 T\u00dcV)<br \/><b><br \/>Commercial register<\/b><br \/>Registration at district court Nuremberg<br \/>HRB 33865\u00a0<\/p><p><b>Value added tax (VAT) ID<br \/><\/b>DE311279725\u00a0<\/p>\t\t\t\t\t\t\t\t<\/div>\n\t\t\t\t<\/div>\n\t\t\t\t\t<\/div>\n\t\t<\/div>\n\t\t\t\t<div class=\"elementor-column elementor-col-50 elementor-top-column elementor-element elementor-element-b48ef9f\" data-id=\"b48ef9f\" data-element_type=\"column\">\n\t\t\t<div class=\"elementor-widget-wrap\">\n\t\t\t\t\t\t\t<\/div>\n\t\t<\/div>\n\t\t\t\t\t<\/div>\n\t\t<\/section>\n\t\t\t\t<\/div>","protected":false},"excerpt":{"rendered":"<p>Impressum WOLFSBERG PIONIER S\u00f6llner GmbH Angaben gem\u00e4\u00df \u00a75 TMG Firmensitz: WOLFSBERG PIONIER S\u00f6llner GmbH Pfarrer-Rose-Stra\u00dfe 9 92345 Dietfurt a. d. Altm\u00fchl Deutschland Kontakt E-Mail: info@wolfsberg-pioneer.com Telefon: +49 (0) 8464 \/ 8481 Telefax: +49 (0) 8464 \/ 602 252 Internet: www.wolfsberg-pioneer.com&nbsp; Verantwortlich f\u00fcr den Inhalt nach \u00a7 55 Abs. 2 RStV Erhard S\u00f6llner&nbsp; Executive Management of [&hellip;]<\/p>","protected":false},"author":1,"featured_media":0,"parent":0,"menu_order":0,"comment_status":"closed","ping_status":"closed","template":"","meta":{"ocean_post_layout":"full-screen","ocean_both_sidebars_style":"","ocean_both_sidebars_content_width":0,"ocean_both_sidebars_sidebars_width":0,"ocean_sidebar":"0","ocean_second_sidebar":"0","ocean_disable_margins":"enable","ocean_add_body_class":"","ocean_shortcode_before_top_bar":"","ocean_shortcode_after_top_bar":"","ocean_shortcode_before_header":"","ocean_shortcode_after_header":"","ocean_has_shortcode":"","ocean_shortcode_after_title":"","ocean_shortcode_before_footer_widgets":"","ocean_shortcode_after_footer_widgets":"","ocean_shortcode_before_footer_bottom":"","ocean_shortcode_after_footer_bottom":"","ocean_display_top_bar":"off","ocean_display_header":"default","ocean_header_style":"","ocean_center_header_left_menu":"0","ocean_custom_header_template":"0","ocean_custom_logo":0,"ocean_custom_retina_logo":0,"ocean_custom_logo_max_width":0,"ocean_custom_logo_tablet_max_width":0,"ocean_custom_logo_mobile_max_width":0,"ocean_custom_logo_max_height":0,"ocean_custom_logo_tablet_max_height":0,"ocean_custom_logo_mobile_max_height":0,"ocean_header_custom_menu":"0","ocean_menu_typo_font_family":"0","ocean_menu_typo_font_subset":"","ocean_menu_typo_font_size":0,"ocean_menu_typo_font_size_tablet":0,"ocean_menu_typo_font_size_mobile":0,"ocean_menu_typo_font_size_unit":"px","ocean_menu_typo_font_weight":"","ocean_menu_typo_font_weight_tablet":"","ocean_menu_typo_font_weight_mobile":"","ocean_menu_typo_transform":"","ocean_menu_typo_transform_tablet":"","ocean_menu_typo_transform_mobile":"","ocean_menu_typo_line_height":0,"ocean_menu_typo_line_height_tablet":0,"ocean_menu_typo_line_height_mobile":0,"ocean_menu_typo_line_height_unit":"","ocean_menu_typo_spacing":0,"ocean_menu_typo_spacing_tablet":0,"ocean_menu_typo_spacing_mobile":0,"ocean_menu_typo_spacing_unit":"","ocean_menu_link_color":"","ocean_menu_link_color_hover":"","ocean_menu_link_color_active":"","ocean_menu_link_background":"","ocean_menu_link_hover_background":"","ocean_menu_link_active_background":"","ocean_menu_social_links_bg":"","ocean_menu_social_hover_links_bg":"","ocean_menu_social_links_color":"","ocean_menu_social_hover_links_color":"","ocean_disable_title":"default","ocean_disable_heading":"default","ocean_post_title":"","ocean_post_subheading":"","ocean_post_title_style":"","ocean_post_title_background_color":"","ocean_post_title_background":0,"ocean_post_title_bg_image_position":"","ocean_post_title_bg_image_attachment":"","ocean_post_title_bg_image_repeat":"","ocean_post_title_bg_image_size":"","ocean_post_title_height":0,"ocean_post_title_bg_overlay":0.5,"ocean_post_title_bg_overlay_color":"","ocean_disable_breadcrumbs":"default","ocean_breadcrumbs_color":"","ocean_breadcrumbs_separator_color":"","ocean_breadcrumbs_links_color":"","ocean_breadcrumbs_links_hover_color":"","ocean_display_footer_widgets":"default","ocean_display_footer_bottom":"default","ocean_custom_footer_template":"0","footnotes":""},"class_list":["post-75","page","type-page","status-publish","hentry","entry"],"yoast_head":"<!-- This site is optimized with the Yoast SEO plugin v24.5 - https:\/\/yoast.com\/wordpress\/plugins\/seo\/ -->\n<title>Impressum - WOLFSBERG PIONEER GROUP<\/title>\n<meta name=\"description\" content=\"Firmensitz - Angaben gem\u00e4\u00df \u00a75 TMG\" \/>\n<meta name=\"robots\" content=\"index, follow, max-snippet:-1, max-image-preview:large, max-video-preview:-1\" \/>\n<link rel=\"canonical\" href=\"https:\/\/wolfsberg-pioneer.com\/en\/impressum\/\" \/>\n<meta property=\"og:locale\" content=\"en_US\" \/>\n<meta property=\"og:type\" content=\"article\" \/>\n<meta property=\"og:title\" content=\"Impressum - WOLFSBERG PIONEER GROUP\" \/>\n<meta property=\"og:description\" content=\"Firmensitz - Angaben gem\u00e4\u00df \u00a75 TMG\" \/>\n<meta property=\"og:url\" content=\"https:\/\/wolfsberg-pioneer.com\/en\/impressum\/\" \/>\n<meta property=\"og:site_name\" content=\"WOLFSBERG PIONEER GROUP\" \/>\n<meta property=\"article:modified_time\" content=\"2023-01-24T20:30:57+00:00\" \/>\n<meta name=\"twitter:card\" content=\"summary_large_image\" \/>\n<meta name=\"twitter:label1\" content=\"Est. reading time\" \/>\n\t<meta name=\"twitter:data1\" content=\"1 minute\" \/>\n<script type=\"application\/ld+json\" class=\"yoast-schema-graph\">{\"@context\":\"https:\/\/schema.org\",\"@graph\":[{\"@type\":\"WebPage\",\"@id\":\"https:\/\/wolfsberg-pioneer.com\/impressum\/\",\"url\":\"https:\/\/wolfsberg-pioneer.com\/impressum\/\",\"name\":\"Impressum - WOLFSBERG PIONEER GROUP\",\"isPartOf\":{\"@id\":\"https:\/\/wolfsberg-pioneer.com\/#website\"},\"datePublished\":\"2022-05-10T20:51:00+00:00\",\"dateModified\":\"2023-01-24T20:30:57+00:00\",\"description\":\"Firmensitz - Angaben gem\u00e4\u00df \u00a75 TMG\",\"breadcrumb\":{\"@id\":\"https:\/\/wolfsberg-pioneer.com\/impressum\/#breadcrumb\"},\"inLanguage\":\"en-US\",\"potentialAction\":[{\"@type\":\"ReadAction\",\"target\":[\"https:\/\/wolfsberg-pioneer.com\/impressum\/\"]}]},{\"@type\":\"BreadcrumbList\",\"@id\":\"https:\/\/wolfsberg-pioneer.com\/impressum\/#breadcrumb\",\"itemListElement\":[{\"@type\":\"ListItem\",\"position\":1,\"name\":\"Startseite\",\"item\":\"https:\/\/wolfsberg-pioneer.com\/\"},{\"@type\":\"ListItem\",\"position\":2,\"name\":\"Impressum\"}]},{\"@type\":\"WebSite\",\"@id\":\"https:\/\/wolfsberg-pioneer.com\/#website\",\"url\":\"https:\/\/wolfsberg-pioneer.com\/\",\"name\":\"WOLFSBERG PIONEER GROUP\",\"description\":\"Technology Brand for Smart Products\",\"publisher\":{\"@id\":\"https:\/\/wolfsberg-pioneer.com\/#organization\"},\"potentialAction\":[{\"@type\":\"SearchAction\",\"target\":{\"@type\":\"EntryPoint\",\"urlTemplate\":\"https:\/\/wolfsberg-pioneer.com\/?s={search_term_string}\"},\"query-input\":{\"@type\":\"PropertyValueSpecification\",\"valueRequired\":true,\"valueName\":\"search_term_string\"}}],\"inLanguage\":\"en-US\"},{\"@type\":\"Organization\",\"@id\":\"https:\/\/wolfsberg-pioneer.com\/#organization\",\"name\":\"WOLFSBERG PIONEER GROUP\",\"url\":\"https:\/\/wolfsberg-pioneer.com\/\",\"logo\":{\"@type\":\"ImageObject\",\"inLanguage\":\"en-US\",\"@id\":\"https:\/\/wolfsberg-pioneer.com\/#\/schema\/logo\/image\/\",\"url\":\"https:\/\/wolfsberg-pioneer.com\/wp-content\/uploads\/2023\/01\/LogoHeader_wide_title.png\",\"contentUrl\":\"https:\/\/wolfsberg-pioneer.com\/wp-content\/uploads\/2023\/01\/LogoHeader_wide_title.png\",\"width\":1600,\"height\":250,\"caption\":\"WOLFSBERG PIONEER GROUP\"},\"image\":{\"@id\":\"https:\/\/wolfsberg-pioneer.com\/#\/schema\/logo\/image\/\"},\"sameAs\":[\"https:\/\/www.xing.com\/pages\/wolfsberg-pioneer\",\"https:\/\/www.linkedin.com\/company\/wolfsberg-pioneer\/\"]}]}<\/script>\n<!-- \/ Yoast SEO plugin. -->","yoast_head_json":{"title":"Impressum - WOLFSBERG PIONEER GROUP","description":"Firmensitz - Angaben gem\u00e4\u00df \u00a75 TMG","robots":{"index":"index","follow":"follow","max-snippet":"max-snippet:-1","max-image-preview":"max-image-preview:large","max-video-preview":"max-video-preview:-1"},"canonical":"https:\/\/wolfsberg-pioneer.com\/en\/impressum\/","og_locale":"en_US","og_type":"article","og_title":"Impressum - WOLFSBERG PIONEER GROUP","og_description":"Firmensitz - Angaben gem\u00e4\u00df \u00a75 TMG","og_url":"https:\/\/wolfsberg-pioneer.com\/en\/impressum\/","og_site_name":"WOLFSBERG PIONEER GROUP","article_modified_time":"2023-01-24T20:30:57+00:00","twitter_card":"summary_large_image","twitter_misc":{"Est. reading time":"1 minute"},"schema":{"@context":"https:\/\/schema.org","@graph":[{"@type":"WebPage","@id":"https:\/\/wolfsberg-pioneer.com\/impressum\/","url":"https:\/\/wolfsberg-pioneer.com\/impressum\/","name":"Impressum - WOLFSBERG PIONEER GROUP","isPartOf":{"@id":"https:\/\/wolfsberg-pioneer.com\/#website"},"datePublished":"2022-05-10T20:51:00+00:00","dateModified":"2023-01-24T20:30:57+00:00","description":"Firmensitz - Angaben gem\u00e4\u00df \u00a75 TMG","breadcrumb":{"@id":"https:\/\/wolfsberg-pioneer.com\/impressum\/#breadcrumb"},"inLanguage":"en-US","potentialAction":[{"@type":"ReadAction","target":["https:\/\/wolfsberg-pioneer.com\/impressum\/"]}]},{"@type":"BreadcrumbList","@id":"https:\/\/wolfsberg-pioneer.com\/impressum\/#breadcrumb","itemListElement":[{"@type":"ListItem","position":1,"name":"Startseite","item":"https:\/\/wolfsberg-pioneer.com\/"},{"@type":"ListItem","position":2,"name":"Impressum"}]},{"@type":"WebSite","@id":"https:\/\/wolfsberg-pioneer.com\/#website","url":"https:\/\/wolfsberg-pioneer.com\/","name":"WOLFSBERG PIONEER GROUP","description":"Technology Brand for Smart Products","publisher":{"@id":"https:\/\/wolfsberg-pioneer.com\/#organization"},"potentialAction":[{"@type":"SearchAction","target":{"@type":"EntryPoint","urlTemplate":"https:\/\/wolfsberg-pioneer.com\/?s={search_term_string}"},"query-input":{"@type":"PropertyValueSpecification","valueRequired":true,"valueName":"search_term_string"}}],"inLanguage":"en-US"},{"@type":"Organization","@id":"https:\/\/wolfsberg-pioneer.com\/#organization","name":"WOLFSBERG PIONEER GROUP","url":"https:\/\/wolfsberg-pioneer.com\/","logo":{"@type":"ImageObject","inLanguage":"en-US","@id":"https:\/\/wolfsberg-pioneer.com\/#\/schema\/logo\/image\/","url":"https:\/\/wolfsberg-pioneer.com\/wp-content\/uploads\/2023\/01\/LogoHeader_wide_title.png","contentUrl":"https:\/\/wolfsberg-pioneer.com\/wp-content\/uploads\/2023\/01\/LogoHeader_wide_title.png","width":1600,"height":250,"caption":"WOLFSBERG PIONEER GROUP"},"image":{"@id":"https:\/\/wolfsberg-pioneer.com\/#\/schema\/logo\/image\/"},"sameAs":["https:\/\/www.xing.com\/pages\/wolfsberg-pioneer","https:\/\/www.linkedin.com\/company\/wolfsberg-pioneer\/"]}]}},"_links":{"self":[{"href":"https:\/\/wolfsberg-pioneer.com\/en\/wp-json\/wp\/v2\/pages\/75","targetHints":{"allow":["GET"]}}],"collection":[{"href":"https:\/\/wolfsberg-pioneer.com\/en\/wp-json\/wp\/v2\/pages"}],"about":[{"href":"https:\/\/wolfsberg-pioneer.com\/en\/wp-json\/wp\/v2\/types\/page"}],"author":[{"embeddable":true,"href":"https:\/\/wolfsberg-pioneer.com\/en\/wp-json\/wp\/v2\/users\/1"}],"replies":[{"embeddable":true,"href":"https:\/\/wolfsberg-pioneer.com\/en\/wp-json\/wp\/v2\/comments?post=75"}],"version-history":[{"count":111,"href":"https:\/\/wolfsberg-pioneer.com\/en\/wp-json\/wp\/v2\/pages\/75\/revisions"}],"predecessor-version":[{"id":1125,"href":"https:\/\/wolfsberg-pioneer.com\/en\/wp-json\/wp\/v2\/pages\/75\/revisions\/1125"}],"wp:attachment":[{"href":"https:\/\/wolfsberg-pioneer.com\/en\/wp-json\/wp\/v2\/media?parent=75"}],"curies":[{"name":"wp","href":"https:\/\/api.w.org\/{rel}","templated":true}]}}