{"id":5,"date":"2022-05-10T20:21:30","date_gmt":"2022-05-10T18:21:30","guid":{"rendered":"https:\/\/wolfsberg-pioneer.de\/?page_id=5"},"modified":"2023-03-17T20:08:15","modified_gmt":"2023-03-17T19:08:15","slug":"wolfsberg-pioneer-g","status":"publish","type":"page","link":"https:\/\/wolfsberg-pioneer.com\/en\/","title":{"rendered":"Home"},"content":{"rendered":"<div data-elementor-type=\"wp-page\" data-elementor-id=\"5\" class=\"elementor elementor-5\">\n\t\t\t\t\t\t<section class=\"elementor-section elementor-top-section elementor-element elementor-element-8ffb6e4 elementor-section-full_width elementor-section-height-min-height elementor-section-height-default elementor-section-items-middle\" data-id=\"8ffb6e4\" data-element_type=\"section\" data-settings=\"{&quot;background_background&quot;:&quot;slideshow&quot;,&quot;background_slideshow_gallery&quot;:[{&quot;id&quot;:1002,&quot;url&quot;:&quot;https:\\\/\\\/wolfsberg-pioneer.com\\\/wp-content\\\/uploads\\\/2023\\\/01\\\/IMG_0571-_1080.jpg&quot;},{&quot;id&quot;:998,&quot;url&quot;:&quot;https:\\\/\\\/wolfsberg-pioneer.com\\\/wp-content\\\/uploads\\\/2023\\\/01\\\/IMG_0669-_1080.jpg&quot;},{&quot;id&quot;:1001,&quot;url&quot;:&quot;https:\\\/\\\/wolfsberg-pioneer.com\\\/wp-content\\\/uploads\\\/2023\\\/01\\\/IMG_0553-_1080-e1673474459505.jpg&quot;},{&quot;id&quot;:1003,&quot;url&quot;:&quot;https:\\\/\\\/wolfsberg-pioneer.com\\\/wp-content\\\/uploads\\\/2023\\\/01\\\/IMG_0633-_1080-e1673474536501.jpg&quot;},{&quot;id&quot;:1041,&quot;url&quot;:&quot;https:\\\/\\\/wolfsberg-pioneer.com\\\/wp-content\\\/uploads\\\/2023\\\/01\\\/Cura-Konstruktion-e1673541243115.png&quot;},{&quot;id&quot;:999,&quot;url&quot;:&quot;https:\\\/\\\/wolfsberg-pioneer.com\\\/wp-content\\\/uploads\\\/2023\\\/01\\\/IMG_0680-_1080.jpg&quot;},{&quot;id&quot;:1000,&quot;url&quot;:&quot;https:\\\/\\\/wolfsberg-pioneer.com\\\/wp-content\\\/uploads\\\/2023\\\/01\\\/IMG_0532-_1080.jpg&quot;}],&quot;background_slideshow_loop&quot;:&quot;yes&quot;,&quot;background_slideshow_slide_duration&quot;:5000,&quot;background_slideshow_slide_transition&quot;:&quot;fade&quot;,&quot;background_slideshow_transition_duration&quot;:500}\">\n\t\t\t\t\t\t<div class=\"elementor-container elementor-column-gap-custom\">\n\t\t\t\t\t<div class=\"elementor-column elementor-col-100 elementor-top-column elementor-element elementor-element-6d9775a\" data-id=\"6d9775a\" data-element_type=\"column\">\n\t\t\t<div class=\"elementor-widget-wrap elementor-element-populated\">\n\t\t\t\t\t\t<div class=\"elementor-element elementor-element-89fcd6d elementor-widget elementor-widget-spacer\" data-id=\"89fcd6d\" data-element_type=\"widget\" data-widget_type=\"spacer.default\">\n\t\t\t\t<div class=\"elementor-widget-container\">\n\t\t\t\t\t\t\t<div class=\"elementor-spacer\">\n\t\t\t<div class=\"elementor-spacer-inner\"><\/div>\n\t\t<\/div>\n\t\t\t\t\t\t<\/div>\n\t\t\t\t<\/div>\n\t\t\t\t\t<\/div>\n\t\t<\/div>\n\t\t\t\t\t<\/div>\n\t\t<\/section>\n\t\t\t\t<section class=\"elementor-section elementor-top-section elementor-element elementor-element-24a3f54 elementor-section-boxed elementor-section-height-default elementor-section-height-default\" data-id=\"24a3f54\" data-element_type=\"section\">\n\t\t\t\t\t\t<div class=\"elementor-container elementor-column-gap-default\">\n\t\t\t\t\t<div class=\"elementor-column elementor-col-100 elementor-top-column elementor-element elementor-element-0d666b9\" data-id=\"0d666b9\" data-element_type=\"column\">\n\t\t\t<div class=\"elementor-widget-wrap elementor-element-populated\">\n\t\t\t\t\t\t<div class=\"elementor-element elementor-element-77d4673 elementor-widget elementor-widget-spacer\" data-id=\"77d4673\" data-element_type=\"widget\" data-widget_type=\"spacer.default\">\n\t\t\t\t<div class=\"elementor-widget-container\">\n\t\t\t\t\t\t\t<div class=\"elementor-spacer\">\n\t\t\t<div class=\"elementor-spacer-inner\"><\/div>\n\t\t<\/div>\n\t\t\t\t\t\t<\/div>\n\t\t\t\t<\/div>\n\t\t\t\t\t<\/div>\n\t\t<\/div>\n\t\t\t\t\t<\/div>\n\t\t<\/section>\n\t\t\t\t<section class=\"elementor-section elementor-top-section elementor-element elementor-element-47251c9 elementor-reverse-tablet elementor-section-boxed elementor-section-height-default elementor-section-height-default\" data-id=\"47251c9\" data-element_type=\"section\" data-settings=\"{&quot;background_background&quot;:&quot;classic&quot;}\">\n\t\t\t\t\t\t\t<div class=\"elementor-background-overlay\"><\/div>\n\t\t\t\t\t\t\t<div class=\"elementor-container elementor-column-gap-no\">\n\t\t\t\t\t<div class=\"elementor-column elementor-col-50 elementor-top-column elementor-element elementor-element-ad9fa94\" data-id=\"ad9fa94\" data-element_type=\"column\">\n\t\t\t<div class=\"elementor-widget-wrap elementor-element-populated\">\n\t\t\t\t\t\t<div class=\"elementor-element elementor-element-7cce854 elementor-widget-mobile__width-initial elementor-invisible elementor-widget elementor-widget-heading\" data-id=\"7cce854\" data-element_type=\"widget\" data-settings=\"{&quot;_animation&quot;:&quot;fadeInUp&quot;}\" data-widget_type=\"heading.default\">\n\t\t\t\t<div class=\"elementor-widget-container\">\n\t\t\t\t\t<h2 class=\"elementor-heading-title elementor-size-default\">We prepare the way to an undisturbed outside<\/h2>\t\t\t\t<\/div>\n\t\t\t\t<\/div>\n\t\t\t\t<div class=\"elementor-element elementor-element-ba64268 elementor-widget elementor-widget-text-editor\" data-id=\"ba64268\" data-element_type=\"widget\" data-widget_type=\"text-editor.default\">\n\t\t\t\t<div class=\"elementor-widget-container\">\n\t\t\t\t\t\t\t\t\t<p>Technical market leader in lightweight construction and mobile room systems<\/p><h5>Brand group of the<br \/><span style=\"font-size: 24px;\">WOLFSBERG PIONEER S\u00f6llner GmbH<br \/><\/span><span style=\"font-size: 14px;\">Patented quality products Made in Germany<\/span><\/h5>\t\t\t\t\t\t\t\t<\/div>\n\t\t\t\t<\/div>\n\t\t\t\t<div class=\"elementor-element elementor-element-cdc16a1 elementor-align-left elementor-list-item-link-full_width elementor-widget elementor-widget-icon-list\" data-id=\"cdc16a1\" data-element_type=\"widget\" data-widget_type=\"icon-list.default\">\n\t\t\t\t<div class=\"elementor-widget-container\">\n\t\t\t\t\t\t\t<ul class=\"elementor-icon-list-items\">\n\t\t\t\t\t\t\t<li class=\"elementor-icon-list-item\">\n\t\t\t\t\t\t\t\t\t\t\t<a href=\"https:\/\/wolfsberg-pioneer.com\/en\/markengruppe-soellner\/\">\n\n\t\t\t\t\t\t\t\t\t\t\t\t<span class=\"elementor-icon-list-icon\">\n\t\t\t\t\t\t\t<i aria-hidden=\"true\" class=\"fas fa-angle-double-right\"><\/i>\t\t\t\t\t\t<\/span>\n\t\t\t\t\t\t\t\t\t\t<span class=\"elementor-icon-list-text\">The registered trademarks stand for the development and production of modular complex product technology<\/span>\n\t\t\t\t\t\t\t\t\t\t\t<\/a>\n\t\t\t\t\t\t\t\t\t<\/li>\n\t\t\t\t\t\t\t\t<li class=\"elementor-icon-list-item\">\n\t\t\t\t\t\t\t\t\t\t\t<span class=\"elementor-icon-list-icon\">\n\t\t\t\t\t\t\t<i aria-hidden=\"true\" class=\"fas fa-angle-double-right\"><\/i>\t\t\t\t\t\t<\/span>\n\t\t\t\t\t\t\t\t\t\t<span class=\"elementor-icon-list-text\">The company is OEM (Original Equipment Manufacturer) for patented room systems and comfort elements<\/span>\n\t\t\t\t\t\t\t\t\t<\/li>\n\t\t\t\t\t\t\t\t<li class=\"elementor-icon-list-item\">\n\t\t\t\t\t\t\t\t\t\t\t<span class=\"elementor-icon-list-icon\">\n\t\t\t\t\t\t\t<i aria-hidden=\"true\" class=\"fas fa-angle-double-right\"><\/i>\t\t\t\t\t\t<\/span>\n\t\t\t\t\t\t\t\t\t\t<span class=\"elementor-icon-list-text\">Architecture, engineering and product design for the design of mobile construction systems and their plant variants<\/span>\n\t\t\t\t\t\t\t\t\t<\/li>\n\t\t\t\t\t\t\t\t<li class=\"elementor-icon-list-item\">\n\t\t\t\t\t\t\t\t\t\t\t<span class=\"elementor-icon-list-icon\">\n\t\t\t\t\t\t\t<i aria-hidden=\"true\" class=\"fas fa-angle-double-right\"><\/i>\t\t\t\t\t\t<\/span>\n\t\t\t\t\t\t\t\t\t\t<span class=\"elementor-icon-list-text\">System technology with technical equipment for the area of object structure and function expansion<\/span>\n\t\t\t\t\t\t\t\t\t<\/li>\n\t\t\t\t\t\t\t\t<li class=\"elementor-icon-list-item\">\n\t\t\t\t\t\t\t\t\t\t\t<span class=\"elementor-icon-list-icon\">\n\t\t\t\t\t\t\t<i aria-hidden=\"true\" class=\"fas fa-angle-double-right\"><\/i>\t\t\t\t\t\t<\/span>\n\t\t\t\t\t\t\t\t\t\t<span class=\"elementor-icon-list-text\">Product orientation in the sense of system-technical site mobility - individual application<\/span>\n\t\t\t\t\t\t\t\t\t<\/li>\n\t\t\t\t\t\t<\/ul>\n\t\t\t\t\t\t<\/div>\n\t\t\t\t<\/div>\n\t\t\t\t\t<\/div>\n\t\t<\/div>\n\t\t\t\t<div class=\"elementor-column elementor-col-50 elementor-top-column elementor-element elementor-element-df2f375\" data-id=\"df2f375\" data-element_type=\"column\" data-settings=\"{&quot;background_background&quot;:&quot;classic&quot;}\">\n\t\t\t<div class=\"elementor-widget-wrap elementor-element-populated\">\n\t\t\t\t\t\t<div class=\"elementor-element elementor-element-5cfed21 elementor-widget elementor-widget-spacer\" data-id=\"5cfed21\" data-element_type=\"widget\" data-widget_type=\"spacer.default\">\n\t\t\t\t<div class=\"elementor-widget-container\">\n\t\t\t\t\t\t\t<div class=\"elementor-spacer\">\n\t\t\t<div class=\"elementor-spacer-inner\"><\/div>\n\t\t<\/div>\n\t\t\t\t\t\t<\/div>\n\t\t\t\t<\/div>\n\t\t\t\t<div class=\"elementor-element elementor-element-7caba77 elementor-widget elementor-widget-text-editor\" data-id=\"7caba77\" data-element_type=\"widget\" data-widget_type=\"text-editor.default\">\n\t\t\t\t<div class=\"elementor-widget-container\">\n\t\t\t\t\t\t\t\t\t<p class=\"MsoNormal\" style=\"margin-bottom: 0cm;\" align=\"right\"><b><span style=\"font-size: 15pt; line-height: 107%; font-family: Arial, sans-serif;\">WOLFSBERG PIONIEER<\/span><\/b><\/p><p class=\"MsoNormal\" style=\"margin-bottom: 0cm;\" align=\"right\"><b><span style=\"font-size: 10pt; line-height: 107%; font-family: Arial, sans-serif;\">Technology Brand for Smart Products<br \/><\/span><\/b><b style=\"font-size: 10px;\"><span style=\"font-size: 10pt; line-height: 107%; font-family: Arial, sans-serif;\">Engineering by Germany<\/span><\/b><\/p>\t\t\t\t\t\t\t\t<\/div>\n\t\t\t\t<\/div>\n\t\t\t\t\t<\/div>\n\t\t<\/div>\n\t\t\t\t\t<\/div>\n\t\t<\/section>\n\t\t\t\t<section class=\"elementor-section elementor-top-section elementor-element elementor-element-a82941b elementor-section-boxed elementor-section-height-default elementor-section-height-default\" data-id=\"a82941b\" data-element_type=\"section\">\n\t\t\t\t\t\t<div class=\"elementor-container elementor-column-gap-default\">\n\t\t\t\t\t<div class=\"elementor-column elementor-col-100 elementor-top-column elementor-element elementor-element-f2a171d\" data-id=\"f2a171d\" data-element_type=\"column\">\n\t\t\t<div class=\"elementor-widget-wrap elementor-element-populated\">\n\t\t\t\t\t\t<div class=\"elementor-element elementor-element-2dec5f7 elementor-widget elementor-widget-spacer\" data-id=\"2dec5f7\" data-element_type=\"widget\" data-widget_type=\"spacer.default\">\n\t\t\t\t<div class=\"elementor-widget-container\">\n\t\t\t\t\t\t\t<div class=\"elementor-spacer\">\n\t\t\t<div class=\"elementor-spacer-inner\"><\/div>\n\t\t<\/div>\n\t\t\t\t\t\t<\/div>\n\t\t\t\t<\/div>\n\t\t\t\t\t<\/div>\n\t\t<\/div>\n\t\t\t\t\t<\/div>\n\t\t<\/section>\n\t\t\t\t<section class=\"elementor-section elementor-top-section elementor-element elementor-element-a6f995d elementor-section-boxed elementor-section-height-default elementor-section-height-default\" data-id=\"a6f995d\" data-element_type=\"section\">\n\t\t\t\t\t\t<div class=\"elementor-container elementor-column-gap-default\">\n\t\t\t\t\t<div class=\"elementor-column elementor-col-100 elementor-top-column elementor-element elementor-element-1f4546c\" data-id=\"1f4546c\" data-element_type=\"column\">\n\t\t\t<div class=\"elementor-widget-wrap elementor-element-populated\">\n\t\t\t\t\t\t<div class=\"elementor-element elementor-element-ed6b7c7 elementor-widget elementor-widget-text-editor\" data-id=\"ed6b7c7\" data-element_type=\"widget\" data-widget_type=\"text-editor.default\">\n\t\t\t\t<div class=\"elementor-widget-container\">\n\t\t\t\t\t\t\t\t\t<h2>ENGINEERING\u00a0 &#8211;\u00a0 LIGHTWEIGHT CONSTRUCTIONS\u00a0 &#8211;\u00a0 PATENTS\u00a0 &#8211;\u00a0 PRODUCT DESIGN<br \/>TECHNOLOGY DEVELOPMENT\u00a0 &#8211;\u00a0 INNOVATIVE MATERIALS\u00a0 &#8211;\u00a0 SUREFACE TECHNOLOGY<\/h2>\t\t\t\t\t\t\t\t<\/div>\n\t\t\t\t<\/div>\n\t\t\t\t\t<\/div>\n\t\t<\/div>\n\t\t\t\t\t<\/div>\n\t\t<\/section>\n\t\t\t\t<\/div>","protected":false},"excerpt":{"rendered":"<p>Wir bereiten den Weg in ein ungest\u00f6rtes Drau\u00dfen Technischer Marktf\u00fchrer in Leichtbau und mobiler Raumsysteme Markengruppe der WOLFSBERG PIONIER S\u00f6llner GmbH Patentierte Qualit\u00e4tserzeugnisse Made in Germany Die eingetragenen Marken stehen f\u00fcr die Entwicklung und Herstellung modular komplexer Produkttechnik Das Unternehmen ist OEM (Original Equipment Manufacturer) f\u00fcr patentierte Raumsysteme und Komfortelemente Architektur, Ingenieurwesen und Produktdesign zur [&hellip;]<\/p>","protected":false},"author":1,"featured_media":0,"parent":0,"menu_order":0,"comment_status":"closed","ping_status":"closed","template":"","meta":{"ocean_post_layout":"full-screen","ocean_both_sidebars_style":"","ocean_both_sidebars_content_width":0,"ocean_both_sidebars_sidebars_width":0,"ocean_sidebar":"0","ocean_second_sidebar":"0","ocean_disable_margins":"enable","ocean_add_body_class":"","ocean_shortcode_before_top_bar":"","ocean_shortcode_after_top_bar":"","ocean_shortcode_before_header":"","ocean_shortcode_after_header":"","ocean_has_shortcode":"","ocean_shortcode_after_title":"","ocean_shortcode_before_footer_widgets":"","ocean_shortcode_after_footer_widgets":"","ocean_shortcode_before_footer_bottom":"","ocean_shortcode_after_footer_bottom":"","ocean_display_top_bar":"off","ocean_display_header":"default","ocean_header_style":"","ocean_center_header_left_menu":"0","ocean_custom_header_template":"0","ocean_custom_logo":0,"ocean_custom_retina_logo":0,"ocean_custom_logo_max_width":0,"ocean_custom_logo_tablet_max_width":0,"ocean_custom_logo_mobile_max_width":0,"ocean_custom_logo_max_height":0,"ocean_custom_logo_tablet_max_height":0,"ocean_custom_logo_mobile_max_height":0,"ocean_header_custom_menu":"0","ocean_menu_typo_font_family":"0","ocean_menu_typo_font_subset":"","ocean_menu_typo_font_size":0,"ocean_menu_typo_font_size_tablet":0,"ocean_menu_typo_font_size_mobile":0,"ocean_menu_typo_font_size_unit":"px","ocean_menu_typo_font_weight":"","ocean_menu_typo_font_weight_tablet":"","ocean_menu_typo_font_weight_mobile":"","ocean_menu_typo_transform":"","ocean_menu_typo_transform_tablet":"","ocean_menu_typo_transform_mobile":"","ocean_menu_typo_line_height":0,"ocean_menu_typo_line_height_tablet":0,"ocean_menu_typo_line_height_mobile":0,"ocean_menu_typo_line_height_unit":"","ocean_menu_typo_spacing":0,"ocean_menu_typo_spacing_tablet":0,"ocean_menu_typo_spacing_mobile":0,"ocean_menu_typo_spacing_unit":"","ocean_menu_link_color":"","ocean_menu_link_color_hover":"","ocean_menu_link_color_active":"","ocean_menu_link_background":"","ocean_menu_link_hover_background":"","ocean_menu_link_active_background":"","ocean_menu_social_links_bg":"","ocean_menu_social_hover_links_bg":"","ocean_menu_social_links_color":"","ocean_menu_social_hover_links_color":"","ocean_disable_title":"on","ocean_disable_heading":"default","ocean_post_title":"","ocean_post_subheading":"","ocean_post_title_style":"","ocean_post_title_background_color":"","ocean_post_title_background":0,"ocean_post_title_bg_image_position":"","ocean_post_title_bg_image_attachment":"","ocean_post_title_bg_image_repeat":"","ocean_post_title_bg_image_size":"","ocean_post_title_height":0,"ocean_post_title_bg_overlay":0.5,"ocean_post_title_bg_overlay_color":"","ocean_disable_breadcrumbs":"default","ocean_breadcrumbs_color":"","ocean_breadcrumbs_separator_color":"","ocean_breadcrumbs_links_color":"","ocean_breadcrumbs_links_hover_color":"","ocean_display_footer_widgets":"default","ocean_display_footer_bottom":"default","ocean_custom_footer_template":"0","footnotes":""},"class_list":["post-5","page","type-page","status-publish","hentry","entry"],"yoast_head":"<!-- This site is optimized with the Yoast SEO plugin v24.5 - https:\/\/yoast.com\/wordpress\/plugins\/seo\/ -->\n<title>Raumsysteme und mobiler Leichtbau - Wolfsberg Pioneer<\/title>\n<meta name=\"description\" content=\"Technischer Marktf\u00fchrer in Leichtbau und mobiler Raumsysteme - Markengruppe der WOLFSBERG PIONIER S\u00f6llner GmbH - Patentierte Qualit\u00e4tserzeugnisse\" \/>\n<meta name=\"robots\" content=\"index, follow, max-snippet:-1, max-image-preview:large, max-video-preview:-1\" \/>\n<link rel=\"canonical\" href=\"https:\/\/wolfsberg-pioneer.com\/en\/\" \/>\n<meta property=\"og:locale\" content=\"en_US\" \/>\n<meta property=\"og:type\" content=\"article\" \/>\n<meta property=\"og:title\" content=\"Raumsysteme und mobiler Leichtbau - Wolfsberg Pioneer\" \/>\n<meta property=\"og:description\" content=\"Technischer Marktf\u00fchrer in Leichtbau und mobiler Raumsysteme - Markengruppe der WOLFSBERG PIONIER S\u00f6llner GmbH - Patentierte Qualit\u00e4tserzeugnisse\" \/>\n<meta property=\"og:url\" content=\"https:\/\/wolfsberg-pioneer.com\/en\/\" \/>\n<meta property=\"og:site_name\" content=\"WOLFSBERG PIONEER GROUP\" \/>\n<meta property=\"article:modified_time\" content=\"2023-03-17T19:08:15+00:00\" \/>\n<meta name=\"twitter:card\" content=\"summary_large_image\" \/>\n<meta name=\"twitter:label1\" content=\"Est. reading time\" \/>\n\t<meta name=\"twitter:data1\" content=\"1 minute\" \/>\n<script type=\"application\/ld+json\" class=\"yoast-schema-graph\">{\"@context\":\"https:\/\/schema.org\",\"@graph\":[{\"@type\":\"WebPage\",\"@id\":\"https:\/\/wolfsberg-pioneer.com\/\",\"url\":\"https:\/\/wolfsberg-pioneer.com\/\",\"name\":\"Raumsysteme und mobiler Leichtbau - Wolfsberg Pioneer\",\"isPartOf\":{\"@id\":\"https:\/\/wolfsberg-pioneer.com\/#website\"},\"datePublished\":\"2022-05-10T18:21:30+00:00\",\"dateModified\":\"2023-03-17T19:08:15+00:00\",\"description\":\"Technischer Marktf\u00fchrer in Leichtbau und mobiler Raumsysteme - Markengruppe der WOLFSBERG PIONIER S\u00f6llner GmbH - Patentierte Qualit\u00e4tserzeugnisse\",\"breadcrumb\":{\"@id\":\"https:\/\/wolfsberg-pioneer.com\/#breadcrumb\"},\"inLanguage\":\"en-US\",\"potentialAction\":[{\"@type\":\"ReadAction\",\"target\":[\"https:\/\/wolfsberg-pioneer.com\/\"]}]},{\"@type\":\"BreadcrumbList\",\"@id\":\"https:\/\/wolfsberg-pioneer.com\/#breadcrumb\",\"itemListElement\":[{\"@type\":\"ListItem\",\"position\":1,\"name\":\"Startseite\",\"item\":\"https:\/\/wolfsberg-pioneer.com\/\"},{\"@type\":\"ListItem\",\"position\":2,\"name\":\"Home\"}]},{\"@type\":\"WebSite\",\"@id\":\"https:\/\/wolfsberg-pioneer.com\/#website\",\"url\":\"https:\/\/wolfsberg-pioneer.com\/\",\"name\":\"WOLFSBERG PIONEER GROUP\",\"description\":\"Technology Brand for Smart Products\",\"publisher\":{\"@id\":\"https:\/\/wolfsberg-pioneer.com\/#organization\"},\"potentialAction\":[{\"@type\":\"SearchAction\",\"target\":{\"@type\":\"EntryPoint\",\"urlTemplate\":\"https:\/\/wolfsberg-pioneer.com\/?s={search_term_string}\"},\"query-input\":{\"@type\":\"PropertyValueSpecification\",\"valueRequired\":true,\"valueName\":\"search_term_string\"}}],\"inLanguage\":\"en-US\"},{\"@type\":\"Organization\",\"@id\":\"https:\/\/wolfsberg-pioneer.com\/#organization\",\"name\":\"WOLFSBERG PIONEER GROUP\",\"url\":\"https:\/\/wolfsberg-pioneer.com\/\",\"logo\":{\"@type\":\"ImageObject\",\"inLanguage\":\"en-US\",\"@id\":\"https:\/\/wolfsberg-pioneer.com\/#\/schema\/logo\/image\/\",\"url\":\"https:\/\/wolfsberg-pioneer.com\/wp-content\/uploads\/2023\/01\/LogoHeader_wide_title.png\",\"contentUrl\":\"https:\/\/wolfsberg-pioneer.com\/wp-content\/uploads\/2023\/01\/LogoHeader_wide_title.png\",\"width\":1600,\"height\":250,\"caption\":\"WOLFSBERG PIONEER GROUP\"},\"image\":{\"@id\":\"https:\/\/wolfsberg-pioneer.com\/#\/schema\/logo\/image\/\"},\"sameAs\":[\"https:\/\/www.xing.com\/pages\/wolfsberg-pioneer\",\"https:\/\/www.linkedin.com\/company\/wolfsberg-pioneer\/\"]}]}<\/script>\n<!-- \/ Yoast SEO plugin. -->","yoast_head_json":{"title":"Raumsysteme und mobiler Leichtbau - Wolfsberg Pioneer","description":"Technischer Marktf\u00fchrer in Leichtbau und mobiler Raumsysteme - Markengruppe der WOLFSBERG PIONIER S\u00f6llner GmbH - Patentierte Qualit\u00e4tserzeugnisse","robots":{"index":"index","follow":"follow","max-snippet":"max-snippet:-1","max-image-preview":"max-image-preview:large","max-video-preview":"max-video-preview:-1"},"canonical":"https:\/\/wolfsberg-pioneer.com\/en\/","og_locale":"en_US","og_type":"article","og_title":"Raumsysteme und mobiler Leichtbau - Wolfsberg Pioneer","og_description":"Technischer Marktf\u00fchrer in Leichtbau und mobiler Raumsysteme - Markengruppe der WOLFSBERG PIONIER S\u00f6llner GmbH - Patentierte Qualit\u00e4tserzeugnisse","og_url":"https:\/\/wolfsberg-pioneer.com\/en\/","og_site_name":"WOLFSBERG PIONEER GROUP","article_modified_time":"2023-03-17T19:08:15+00:00","twitter_card":"summary_large_image","twitter_misc":{"Est. reading time":"1 minute"},"schema":{"@context":"https:\/\/schema.org","@graph":[{"@type":"WebPage","@id":"https:\/\/wolfsberg-pioneer.com\/","url":"https:\/\/wolfsberg-pioneer.com\/","name":"Raumsysteme und mobiler Leichtbau - Wolfsberg Pioneer","isPartOf":{"@id":"https:\/\/wolfsberg-pioneer.com\/#website"},"datePublished":"2022-05-10T18:21:30+00:00","dateModified":"2023-03-17T19:08:15+00:00","description":"Technischer Marktf\u00fchrer in Leichtbau und mobiler Raumsysteme - Markengruppe der WOLFSBERG PIONIER S\u00f6llner GmbH - Patentierte Qualit\u00e4tserzeugnisse","breadcrumb":{"@id":"https:\/\/wolfsberg-pioneer.com\/#breadcrumb"},"inLanguage":"en-US","potentialAction":[{"@type":"ReadAction","target":["https:\/\/wolfsberg-pioneer.com\/"]}]},{"@type":"BreadcrumbList","@id":"https:\/\/wolfsberg-pioneer.com\/#breadcrumb","itemListElement":[{"@type":"ListItem","position":1,"name":"Startseite","item":"https:\/\/wolfsberg-pioneer.com\/"},{"@type":"ListItem","position":2,"name":"Home"}]},{"@type":"WebSite","@id":"https:\/\/wolfsberg-pioneer.com\/#website","url":"https:\/\/wolfsberg-pioneer.com\/","name":"WOLFSBERG PIONEER GROUP","description":"Technology Brand for Smart Products","publisher":{"@id":"https:\/\/wolfsberg-pioneer.com\/#organization"},"potentialAction":[{"@type":"SearchAction","target":{"@type":"EntryPoint","urlTemplate":"https:\/\/wolfsberg-pioneer.com\/?s={search_term_string}"},"query-input":{"@type":"PropertyValueSpecification","valueRequired":true,"valueName":"search_term_string"}}],"inLanguage":"en-US"},{"@type":"Organization","@id":"https:\/\/wolfsberg-pioneer.com\/#organization","name":"WOLFSBERG PIONEER GROUP","url":"https:\/\/wolfsberg-pioneer.com\/","logo":{"@type":"ImageObject","inLanguage":"en-US","@id":"https:\/\/wolfsberg-pioneer.com\/#\/schema\/logo\/image\/","url":"https:\/\/wolfsberg-pioneer.com\/wp-content\/uploads\/2023\/01\/LogoHeader_wide_title.png","contentUrl":"https:\/\/wolfsberg-pioneer.com\/wp-content\/uploads\/2023\/01\/LogoHeader_wide_title.png","width":1600,"height":250,"caption":"WOLFSBERG PIONEER GROUP"},"image":{"@id":"https:\/\/wolfsberg-pioneer.com\/#\/schema\/logo\/image\/"},"sameAs":["https:\/\/www.xing.com\/pages\/wolfsberg-pioneer","https:\/\/www.linkedin.com\/company\/wolfsberg-pioneer\/"]}]}},"_links":{"self":[{"href":"https:\/\/wolfsberg-pioneer.com\/en\/wp-json\/wp\/v2\/pages\/5","targetHints":{"allow":["GET"]}}],"collection":[{"href":"https:\/\/wolfsberg-pioneer.com\/en\/wp-json\/wp\/v2\/pages"}],"about":[{"href":"https:\/\/wolfsberg-pioneer.com\/en\/wp-json\/wp\/v2\/types\/page"}],"author":[{"embeddable":true,"href":"https:\/\/wolfsberg-pioneer.com\/en\/wp-json\/wp\/v2\/users\/1"}],"replies":[{"embeddable":true,"href":"https:\/\/wolfsberg-pioneer.com\/en\/wp-json\/wp\/v2\/comments?post=5"}],"version-history":[{"count":236,"href":"https:\/\/wolfsberg-pioneer.com\/en\/wp-json\/wp\/v2\/pages\/5\/revisions"}],"predecessor-version":[{"id":1134,"href":"https:\/\/wolfsberg-pioneer.com\/en\/wp-json\/wp\/v2\/pages\/5\/revisions\/1134"}],"wp:attachment":[{"href":"https:\/\/wolfsberg-pioneer.com\/en\/wp-json\/wp\/v2\/media?parent=5"}],"curies":[{"name":"wp","href":"https:\/\/api.w.org\/{rel}","templated":true}]}}